{"id":3,"date":"2019-07-24T05:08:11","date_gmt":"2019-07-24T05:08:11","guid":{"rendered":"https:\/\/absd.sk\/?page_id=3"},"modified":"2023-06-20T11:07:35","modified_gmt":"2023-06-20T11:07:35","slug":"ochrana-osobnych-udajov","status":"publish","type":"page","link":"https:\/\/absd.sk\/de\/ochrana-osobnych-udajov\/","title":{"rendered":""},"content":{"rendered":"\t\t<div data-elementor-type=\"wp-page\" data-elementor-id=\"3\" class=\"elementor elementor-3\">\n\t\t\t\t\t\t<section class=\"elementor-section elementor-top-section elementor-element elementor-element-42b84c2e elementor-section-boxed elementor-section-height-default elementor-section-height-default\" data-id=\"42b84c2e\" data-element_type=\"section\">\n\t\t\t\t\t\t<div class=\"elementor-container elementor-column-gap-default\">\n\t\t\t\t\t<div class=\"elementor-column elementor-col-100 elementor-top-column elementor-element elementor-element-3518b4de\" data-id=\"3518b4de\" data-element_type=\"column\">\n\t\t\t<div class=\"elementor-widget-wrap elementor-element-populated\">\n\t\t\t\t\t\t<div class=\"elementor-element elementor-element-7787e284 elementor-widget elementor-widget-text-editor\" data-id=\"7787e284\" data-element_type=\"widget\" data-widget_type=\"text-editor.default\">\n\t\t\t\t<div class=\"elementor-widget-container\">\n\t\t\t\t\t\t\t\t\t<p><\/p>\n<h1 class=\"wp-block-heading\">Podmienky ochrany osobn\u00fdch \u00fadajov<\/h1>\n<div>\u00a0<\/div>\n<div>\n<p><b>\u00daVOD<\/b><\/p>\n<p>Tieto podmienky ochrany osobn\u00fdch \u00fadajov (\u010falej len &#8220;Podmienky&#8221;) vymedzuj\u00fa pr\u00e1vny r\u00e1mec pre spracovanie a ochranu osobn\u00fdch \u00fadajov, ktor\u00e9 n\u00e1m poskytujete prostredn\u00edctvom tejto webovej str\u00e1nky postavenej na platforme WordPress (\u010falej len &#8220;Str\u00e1nka&#8221;). Podmienky s\u00fa zlu\u010dite\u013en\u00e9 s Nariaden\u00edm Eur\u00f3pskeho parlamentu a Rady (E\u00da) 2016\/679 z 27. apr\u00edla 2016 o ochrane fyzick\u00fdch os\u00f4b pri sprac\u00favan\u00ed osobn\u00fdch \u00fadajov (\u010falej len &#8220;GDPR&#8221;) a ostatn\u00fdmi relevantn\u00fdmi pr\u00e1vnymi predpismi E\u00da v oblasti ochrany osobn\u00fdch \u00fadajov.<\/p>\n<p><b>IDENTITA SPR\u00c1VCA \u00daDAJOV<\/b><\/p>\n<p>Spr\u00e1vcom osobn\u00fdch \u00fadajov, ktor\u00e9 s\u00fa zhroma\u017e\u010fovan\u00e9 prostredn\u00edctvom Str\u00e1nky, je\u00a0<strong>Asoci\u00e1cia b\u00fdval\u00fdch spravodajsk\u00fdch d\u00f4stojn\u00edkov,\u00a0<\/strong>prev\u00e1dzkovate\u013e webovej str\u00e1nky www.absd.sk, so s\u00eddlom: <br \/>Nev\u00e4dzov\u00e1 ulica 5, 821 01 Bratislava\u00a0(\u010falej len &#8220;Spr\u00e1vca&#8221;). <br \/>V\u0161etky ot\u00e1zky alebo po\u017eiadavky t\u00fdkaj\u00face sa spracovania osobn\u00fdch \u00fadajov by mali by\u0165 adresovan\u00e9 Spr\u00e1vcovi na kontaktn\u00fa adresu uveden\u00fa na konci t\u00fdchto Podmienok.<\/p>\n<p>Z\u00cdSKAVANIE OSOBN\u00ddCH \u00daDAJOV<\/p>\n<ol>\n<li>Kontaktn\u00fd formul\u00e1r<\/li>\n<\/ol>\n<p>Pri pou\u017e\u00edvan\u00ed kontaktn\u00e9ho formul\u00e1ra na Str\u00e1nke v\u00e1s m\u00f4\u017eeme po\u017eiada\u0165 o nasleduj\u00face osobn\u00e9 \u00fadaje:<\/p>\n<ul>\n<li>Meno a priezvisko<\/li>\n<li>E-mailov\u00e1 adresa<\/li>\n<li>Telef\u00f3nne \u010d\u00edslo (volite\u013ene)<\/li>\n<\/ul>\n<p>Tieto \u00fadaje s\u00fa spracov\u00e1van\u00e9 na z\u00e1klade v\u00e1\u0161ho s\u00fahlasu, ktor\u00fd ste poskytli prostredn\u00edctvom v\u00e1\u0161ho akt\u00edvneho vyplnenia a odoslania kontaktn\u00e9ho formul\u00e1ra.<\/p>\n<ol start=\"2\">\n<li>Formul\u00e1r na prihlasovanie k odberu noviniek<\/li>\n<\/ol>\n<p>Pri pou\u017e\u00edvan\u00ed formul\u00e1ra na prihlasovanie k odberu noviniek v\u00e1s m\u00f4\u017eeme po\u017eiada\u0165 o nasleduj\u00faci osobn\u00fd \u00fadaj:<\/p>\n<ul>\n<li>E-mailov\u00e1 adresa<\/li>\n<\/ul>\n<p>Tento \u00fadaj je spracov\u00e1van\u00fd na z\u00e1klade v\u00e1\u0161ho s\u00fahlasu, ktor\u00fd ste poskytli prostredn\u00edctvom v\u00e1\u0161ho akt\u00edvneho vyplnenia a odoslania formul\u00e1ra na prihlasovanie k odberu noviniek.<\/p>\n<p>SPRACOVANIE OSOBN\u00ddCH \u00daDAJOV<\/p>\n<ol>\n<li>Z\u00e1konnos\u0165 spracovania<\/li>\n<\/ol>\n<p>Spracovanie va\u0161ich osobn\u00fdch \u00fadajov je zalo\u017een\u00e9 na nasleduj\u00facich pr\u00e1vnych z\u00e1kladoch uveden\u00fdch v \u010dl\u00e1nku 6 GDPR:<\/p>\n<ul>\n<li>S\u00fahlas: Ak ste n\u00e1m poskytli v\u00e1\u0161 s\u00fahlas na spracovanie va\u0161ich osobn\u00fdch \u00fadajov prostredn\u00edctvom kontaktn\u00e9ho formul\u00e1ra alebo formul\u00e1ra na prihlasovanie k odberu noviniek, spracovanie sa vykon\u00e1va na z\u00e1klade v\u00e1\u0161ho s\u00fahlasu.<\/li>\n<\/ul>\n<ol start=\"2\">\n<li>\u00da\u010dely spracovania<\/li>\n<\/ol>\n<p>Va\u0161e osobn\u00e9 \u00fadaje zhroma\u017e\u010fujeme a spracov\u00e1vame v\u00fdlu\u010dne na nasledovn\u00e9 \u00fa\u010dely:<\/p>\n<ul>\n<li>Komunik\u00e1cia: Pou\u017e\u00edvame va\u0161e kontaktn\u00e9 \u00fadaje na odpovedanie na va\u0161u spr\u00e1vu a poskytovanie relevantn\u00fdch inform\u00e1ci\u00ed t\u00fdkaj\u00facich sa va\u0161ej ot\u00e1zky alebo \u017eiadosti.<\/li>\n<li>Odber noviniek: Va\u0161e osobn\u00e9 \u00fadaje zbieran\u00e9 prostredn\u00edctvom newslettra s\u00fa pou\u017e\u00edvan\u00e9 v\u00fdlu\u010dne na \u00fa\u010dely poskytovania inform\u00e1ci\u00ed a aktual\u00edt o \u010dinnosti, udalostiach a in\u00fdch relevantn\u00fdch t\u00e9mach s\u00favisiacich s Asoci\u00e1ciou b\u00fdval\u00fdch spravodajsk\u00fdch d\u00f4stojn\u00edkov (ABSD).<\/li>\n<\/ul>\n<p><b>UCHOV\u00c1VANIE OSOBN\u00ddCH \u00daDAJOV<\/b><\/p>\n<ol>\n<li>Doba uchov\u00e1vania<\/li>\n<\/ol>\n<p>Asoci\u00e1cia b\u00fdval\u00fdch spravodajsk\u00fdch d\u00f4stojn\u00edkov (ABSD) uchov\u00e1va va\u0161e osobn\u00e9 \u00fadaje iba po dobu nevyhnutn\u00fa na dosiahnutie \u00fa\u010delov, pre ktor\u00e9 boli zhroma\u017eden\u00e9, pokia\u013e nie je vy\u017eadovan\u00e9 dlh\u0161ie obdobie uchov\u00e1vania alebo povolen\u00e9 alebo vy\u017eadovan\u00e9 pr\u00edslu\u0161n\u00fdmi pr\u00e1vnymi predpismi. V pr\u00edpade, \u017ee neexistuje \u017eiadny opr\u00e1vnen\u00fd d\u00f4vod na \u010fal\u0161ie uchov\u00e1vanie va\u0161ich \u00fadajov, bud\u00fa odstr\u00e1nen\u00e9 tak\u00fdm sp\u00f4sobom, ktor\u00fd zabezpe\u010duje ich bezpe\u010dn\u00e9 a definit\u00edvne zni\u010denie.<\/p>\n<ol start=\"2\">\n<li>Archiv\u00e1cia<\/li>\n<\/ol>\n<p>V niektor\u00fdch pr\u00edpadoch m\u00f4\u017ee by\u0165 potrebn\u00e9 archivova\u0165 ur\u010dit\u00e9 osobn\u00e9 \u00fadaje na \u00fa\u010dely splnenia pr\u00e1vnych povinnost\u00ed alebo na z\u00e1klade opr\u00e1vnen\u00e9ho z\u00e1ujmu Asoci\u00e1cie b\u00fdval\u00fdch spravodajsk\u00fdch d\u00f4stojn\u00edkov (ABSD). Pri archiv\u00e1cii va\u0161ich osobn\u00fdch \u00fadajov budeme dodr\u017eiava\u0165 pr\u00edslu\u0161n\u00e9 pr\u00e1vne predpisy a zabezpe\u010d\u00edme, \u017ee va\u0161e \u00fadaje bud\u00fa chr\u00e1nen\u00e9 v s\u00falade s t\u00fdmito Podmienkami.<\/p>\n<ol start=\"3\">\n<li>Bezpe\u010dnos\u0165 uchov\u00e1vania<\/li>\n<\/ol>\n<p>Asoci\u00e1cia b\u00fdval\u00fdch spravodajsk\u00fdch d\u00f4stojn\u00edkov (ABSD) priklad\u00e1 vysok\u00fa d\u00f4le\u017eitos\u0165 k bezpe\u010dn\u00e9mu uchov\u00e1vaniu va\u0161ich osobn\u00fdch \u00fadajov. Va\u0161e \u00fadaje bud\u00fa spracov\u00e1van\u00e9 s primeran\u00fdmi technick\u00fdmi a organiza\u010dn\u00fdmi opatreniami na zabezpe\u010denie ich bezpe\u010dnosti a d\u00f4vernosti v s\u00falade s po\u017eiadavkami GDPR. Tieto opatrenia zah\u0155\u0148aj\u00fa obmedzen\u00fd pr\u00edstup k \u00fadajom iba pre opr\u00e1vnen\u00e9 osoby, zavedenie bezpe\u010dnostn\u00fdch opatren\u00ed na ochranu proti neopr\u00e1vnen\u00e9mu pr\u00edstupu, strat\u00e1m alebo zneu\u017eitiu \u00fadajov a pravideln\u00e9 monitorovanie a auditovanie bezpe\u010dnostn\u00fdch postupov.<\/p>\n<ol start=\"4\">\n<li>Zmazanie \u00fadajov<\/li>\n<\/ol>\n<p>Ak splnenie \u00fa\u010delu spracovania \u00fadajov skon\u010d\u00ed a neexistuj\u00fa \u017eiadne pr\u00e1vne d\u00f4vody alebo opr\u00e1vnen\u00e9 z\u00e1ujmy na \u010fal\u0161om uchov\u00e1van\u00ed \u00fadajov, Asoci\u00e1cia b\u00fdval\u00fdch spravodajsk\u00fdch d\u00f4stojn\u00edkov (ABSD) bude va\u0161e osobn\u00e9 \u00fadaje vymaza\u0165 tak\u00fdm sp\u00f4sobom, ktor\u00fd zabezpe\u010duje ich bezpe\u010dn\u00e9 a definit\u00edvne odstr\u00e1nenie<\/p>\n<\/div>\n<p><b>ZABEZPE\u010cENIE OSOBN\u00ddCH \u00daDAJOV<\/b><\/p>\n<ol>\n<li>Technick\u00e9 zabezpe\u010denie<\/li>\n<\/ol>\n<p>Asoci\u00e1cia b\u00fdval\u00fdch spravodajsk\u00fdch d\u00f4stojn\u00edkov (ABSD) priklad\u00e1 ve\u013ek\u00fd v\u00fdznam k zabezpe\u010deniu va\u0161ich osobn\u00fdch \u00fadajov a uplat\u0148uje primeran\u00e9 technick\u00e9 opatrenia na minimaliz\u00e1ciu rizika straty, zneu\u017eitia, neopr\u00e1vnen\u00e9ho pr\u00edstupu a neopr\u00e1vnen\u00fdch zmen osobn\u00fdch \u00fadajov. Medzi tieto opatrenia patr\u00ed:<\/p>\n<ul>\n<li>Pou\u017e\u00edvanie zabezpe\u010den\u00e9ho prenosu \u00fadajov prostredn\u00edctvom \u0161ifrovan\u00fdch protokolov (napr\u00edklad SSL\/TLS).<\/li>\n<li>Uchov\u00e1vanie osobn\u00fdch \u00fadajov na serveroch s pr\u00edstupom, ktor\u00fd je obmedzen\u00fd na opr\u00e1vnen\u00e9 osoby a riaden\u00fd pr\u00edsne definovan\u00fdmi bezpe\u010dnostn\u00fdmi politikami.<\/li>\n<li>Aktualiz\u00e1cia bezpe\u010dnostn\u00fdch syst\u00e9mov a softv\u00e9ru na spr\u00e1vu a monitorovanie spracovania osobn\u00fdch \u00fadajov.<\/li>\n<\/ul>\n<ol start=\"2\">\n<li>Pr\u00edstupov\u00e9 opr\u00e1vnenia<\/li>\n<\/ol>\n<p>Pr\u00edstup k osobn\u00fdm \u00fadajom je obmedzen\u00fd iba na opr\u00e1vnen\u00fdch zamestnancov a in\u00e9 osoby, ktor\u00e9 maj\u00fa opr\u00e1vnenie a potrebn\u00fa potrebu pristupova\u0165 k t\u00fdmto \u00fadajom v s\u00falade s ich pracovn\u00fdmi povinnos\u0165ami. Tieto osoby s\u00fa viazan\u00e9 zmluvn\u00fdmi povinnos\u0165ami t\u00fdkaj\u00facimi sa d\u00f4vernosti a ochrany osobn\u00fdch \u00fadajov.<\/p>\n<ol start=\"3\">\n<li>Aktualiz\u00e1cia bezpe\u010dnosti<\/li>\n<\/ol>\n<p>Asoci\u00e1cia b\u00fdval\u00fdch spravodajsk\u00fdch d\u00f4stojn\u00edkov (ABSD) pravidelne monitoruje a aktualizuje svoje bezpe\u010dnostn\u00e9 postupy a opatrenia na ochranu osobn\u00fdch \u00fadajov. Taktie\u017e vykon\u00e1va pravideln\u00e9 audity a hodnotenia riz\u00edk s cie\u013eom zabezpe\u010di\u0165 primeran\u00fa ochranu osobn\u00fdch \u00fadajov.<\/p>\n<ol start=\"4\">\n<li>Spolupr\u00e1ca so spr\u00e1vcami \u00fadajov tret\u00edch str\u00e1n<\/li>\n<\/ol>\n<p>V pr\u00edpade, \u017ee je nevyhnutn\u00e9 zdie\u013ea\u0165 va\u0161e osobn\u00e9 \u00fadaje s tret\u00edmi stranami v s\u00favislosti s poskytovan\u00edm slu\u017eieb alebo splnen\u00edm pr\u00e1vnych povinnost\u00ed, Asoci\u00e1cia b\u00fdval\u00fdch spravodajsk\u00fdch d\u00f4stojn\u00edkov (ABSD) vykon\u00e1va primeran\u00e9 opatrenia na zabezpe\u010denie, \u017ee tieto strany dodr\u017euj\u00fa rovnak\u00e9 bezpe\u010dnostn\u00e9 \u0161tandardy a zabezpe\u010duj\u00fa primeran\u00fa ochranu va\u0161ich osobn\u00fdch \u00fadajov.<\/p>\n<ol start=\"5\">\n<li>Z\u00e1chranu a obnovu \u00fadajov<\/li>\n<\/ol>\n<p>V pr\u00edpade fyzickej alebo technickej poruchy, strate \u00fadajov alebo in\u00fdch incidentov, Asoci\u00e1cia b\u00fdval\u00fdch spravodajsk\u00fdch d\u00f4stojn\u00edkov (ABSD) m\u00e1 vytvoren\u00e9 postupy a opatrenia na z\u00e1chranu a obnovu \u00fadajov, aby minimalizovala potenci\u00e1lnu stratu va\u0161ich osobn\u00fdch \u00fadajov.<\/p>\n<ol start=\"6\">\n<li>Osved\u010denie o zhode<\/li>\n<\/ol>\n<p>Asoci\u00e1cia b\u00fdval\u00fdch spravodajsk\u00fdch d\u00f4stojn\u00edkov (ABSD) spolupracuje so relevantn\u00fdmi regula\u010dn\u00fdmi org\u00e1nmi a dodr\u017eiava pr\u00edslu\u0161n\u00e9 pr\u00e1vne predpisy t\u00fdkaj\u00face sa ochrany osobn\u00fdch \u00fadajov, vr\u00e1tane mo\u017en\u00fdch povinnost\u00ed z\u00edskania a udr\u017eiavania osved\u010denia o zhode.<\/p>\n<div>\n<p><b>PR\u00c1VA SUBJEKTOV \u00daDAJOV<\/b><\/p>\n<p>Ako subjekt \u00fadajov m\u00e1te ur\u010dit\u00e9 pr\u00e1va v s\u00favislosti so spracovan\u00edm va\u0161ich osobn\u00fdch \u00fadajov pod\u013ea \u010dl\u00e1nku 12 a nasleduj\u00facich GDPR. Patr\u00ed sem pr\u00e1vo na:<\/p>\n<ul>\n<li>Pr\u00edstup k va\u0161im osobn\u00fdm \u00fadajom a inform\u00e1ci\u00e1m o ich spracovan\u00ed.<\/li>\n<li>Opravu nepresn\u00fdch osobn\u00fdch \u00fadajov, ktor\u00e9 sa v\u00e1s t\u00fdkaj\u00fa.<\/li>\n<li>Vymazanie va\u0161ich osobn\u00fdch \u00fadajov (v ur\u010dit\u00fdch pr\u00edpadoch).<\/li>\n<li>Obmedzenie spracovania va\u0161ich osobn\u00fdch \u00fadajov (v ur\u010dit\u00fdch pr\u00edpadoch).<\/li>\n<li>Odvolanie s\u00fahlasu so spracovan\u00edm va\u0161ich osobn\u00fdch \u00fadajov.<\/li>\n<li>Vznies\u0165 n\u00e1mietku vo\u010di spracovaniu va\u0161ich osobn\u00fdch \u00fadajov.<\/li>\n<li>Dosta\u0165 k\u00f3piu va\u0161ich osobn\u00fdch \u00fadajov v \u0161trukt\u00farovanom a strojovo \u010ditate\u013enom form\u00e1te.<\/li>\n<li>Poda\u0165 s\u0165a\u017enos\u0165 u dozorn\u00e9ho org\u00e1nu pre ochranu \u00fadajov.<\/li>\n<\/ul>\n<p><b>AKTUALIZ\u00c1CIA PODMIENOK<\/b><\/p>\n<p>Tieto Podmienky m\u00f4\u017eu by\u0165 ob\u010das aktualizovan\u00e9 alebo doplnen\u00e9. Ak sa zmen\u00edme v\u00e1\u017ene z\u00e1sadn\u00e9 postupy t\u00fdkaj\u00face sa spracovania osobn\u00fdch \u00fadajov, poskytneme v\u00e1m primeran\u00e9 upozornenie a vy\u017eiadame si v\u00e1\u0161 s\u00fahlas, ak je to potrebn\u00e9 pod\u013ea platn\u00fdch pr\u00e1vnych predpisov.<\/p>\n<p><b>KONTAKT<\/b><\/p>\n<p>Ak m\u00e1te ak\u00e9ko\u013evek ot\u00e1zky, obavy alebo \u017eiadosti t\u00fdkaj\u00face sa ochrany osobn\u00fdch \u00fadajov alebo t\u00fdchto Podmienok, kontaktujte n\u00e1s na nasleduj\u00facej adrese:<\/p>\n<p>Asoci\u00e1cia b\u00fdval\u00fdch spravodajsk\u00fdch d\u00f4stojn\u00edkov (ABSD) <br \/>web:\u00a0<a href=\"http:\/\/www.absd.sk\/\" target=\"_new\">www.absd.sk<\/a>\u00a0<br \/>e-mail: info@absd.sk<\/p>\n<p><a href=\"https:\/\/absd.sk\/?page_id=2\">Pre\u010d\u00edtajte si aj z\u00e1sady nakladania so s\u00fabormi typu cookie.<\/a><\/p>\n<\/div>\n<p><\/p>\t\t\t\t\t\t\t\t<\/div>\n\t\t\t\t<\/div>\n\t\t\t\t\t<\/div>\n\t\t<\/div>\n\t\t\t\t\t<\/div>\n\t\t<\/section>\n\t\t\t\t<\/div>\n\t\t","protected":false},"excerpt":{"rendered":"","protected":false},"author":1,"featured_media":0,"parent":0,"menu_order":0,"comment_status":"closed","ping_status":"closed","template":"","meta":{"footnotes":""},"class_list":["post-3","page","type-page","status-publish","hentry"],"_links":{"self":[{"href":"https:\/\/absd.sk\/de\/wp-json\/wp\/v2\/pages\/3","targetHints":{"allow":["GET"]}}],"collection":[{"href":"https:\/\/absd.sk\/de\/wp-json\/wp\/v2\/pages"}],"about":[{"href":"https:\/\/absd.sk\/de\/wp-json\/wp\/v2\/types\/page"}],"author":[{"embeddable":true,"href":"https:\/\/absd.sk\/de\/wp-json\/wp\/v2\/users\/1"}],"replies":[{"embeddable":true,"href":"https:\/\/absd.sk\/de\/wp-json\/wp\/v2\/comments?post=3"}],"version-history":[{"count":22,"href":"https:\/\/absd.sk\/de\/wp-json\/wp\/v2\/pages\/3\/revisions"}],"predecessor-version":[{"id":4825,"href":"https:\/\/absd.sk\/de\/wp-json\/wp\/v2\/pages\/3\/revisions\/4825"}],"wp:attachment":[{"href":"https:\/\/absd.sk\/de\/wp-json\/wp\/v2\/media?parent=3"}],"curies":[{"name":"wp","href":"https:\/\/api.w.org\/{rel}","templated":true}]}}