{"id":4177,"date":"2022-08-04T15:29:15","date_gmt":"2022-08-04T15:29:15","guid":{"rendered":"http:\/\/localhost\/neoton\/?page_id=3"},"modified":"2023-03-15T14:10:55","modified_gmt":"2023-03-15T14:10:55","slug":"stanovy","status":"publish","type":"page","link":"https:\/\/absd.sk\/de\/stanovy\/","title":{"rendered":""},"content":{"rendered":"\t\t<div data-elementor-type=\"wp-page\" data-elementor-id=\"4177\" class=\"elementor elementor-4177\">\n\t\t\t\t\t\t<section class=\"elementor-section elementor-top-section elementor-element elementor-element-42d05e22 elementor-section-boxed elementor-section-height-default elementor-section-height-default\" data-id=\"42d05e22\" data-element_type=\"section\">\n\t\t\t\t\t\t<div class=\"elementor-container elementor-column-gap-default\">\n\t\t\t\t\t<div class=\"elementor-column elementor-col-100 elementor-top-column elementor-element elementor-element-c796e49\" data-id=\"c796e49\" data-element_type=\"column\">\n\t\t\t<div class=\"elementor-widget-wrap elementor-element-populated\">\n\t\t\t\t\t\t<div class=\"elementor-element elementor-element-17a18f84 elementor-widget elementor-widget-text-editor\" data-id=\"17a18f84\" data-element_type=\"widget\" data-widget_type=\"text-editor.default\">\n\t\t\t\t<div class=\"elementor-widget-container\">\n\t\t\t\t\t\t\t\t\t<h3>\u010cl\u00e1nok 1<br \/>N\u00e1zov a s\u00eddlo zdru\u017eenia<\/h3>\n<p>1.1\u00a0Ob\u010dianske zdru\u017eenie ABSD &#8211; Asoci\u00e1cia b\u00fdval\u00fdch spravodajsk\u00fdch d\u00f4stojn\u00edkov &#8211; (\u010falej len &#8220;zdru\u017eenie&#8221;) je pr\u00e1vnick\u00e1 osoba pod\u013ea \u00a7 2 ods. 3 z\u00e1kona \u010d. 83\/1990 Zb. o zdru\u017eovan\u00ed ob\u010danov, v znen\u00ed neskor\u0161\u00edch predpisov.<\/p>\n<p>1.2\u00a0S\u00eddlom zdru\u017eenia je Nev\u00e4dzov\u00e1 ulica \u010d. 5, 82101 Bratislava.<\/p>\n<h3>\u010cl\u00e1nok 2<br \/>Ciele \u010dinnosti zdru\u017eenia<\/h3>\n<p>Zdru\u017eenie vykon\u00e1va \u010dinnos\u0165 na \u00fazem\u00ed Slovenskej republiky na princ\u00edpoch z\u00e1konnosti, dobrovo\u013enosti, slobody n\u00e1zoru a prejavu, slobody politickej pr\u00edslu\u0161nosti, \u010destnosti a mor\u00e1lnosti.<\/p>\n<p>Zdru\u017eenie je neziskov\u00e9, nepolitick\u00e9, vzdel\u00e1vacie a osvetov\u00e9 zdru\u017eenie b\u00fdval\u00fdch profesion\u00e1lnych pr\u00edslu\u0161n\u00edkov spravodajsk\u00fdch slu\u017eieb \u010cesko-Slovenska a Slovenskej republiky, ako aj priaznivcov spravodajskej \u010dinnosti a hist\u00f3rie spravodajsk\u00fdch slu\u017eieb.<\/p>\n<p>2.1\u00a0Z\u00e1kladn\u00fdm cie\u013eom zdru\u017eenia je prispieva\u0165 osvetovou \u010dinnos\u0165ou k vybudovaniu podpory verejnosti pre spr\u00e1vne funguj\u00faci a z\u00e1konn\u00fd spravodajsk\u00fd syst\u00e9m Slovenskej republiky.<\/p>\n<p>2.2\u00a0K cie\u013eom zdru\u017eenia patr\u00ed najm\u00e4:<\/p>\n<ol type=\"a\">\n<li>podporova\u0165 porozumenie v\u00fdznamu a \u00faloh spravodajskej \u010dinnosti pre n\u00e1rodn\u00fa bezpe\u010dnos\u0165 Slovenskej republiky v kontexte hist\u00f3rie, s\u00fa\u010dasnosti i bud\u00facnosti,<\/li>\n<li>objas\u0148ova\u0165 \u00falohy spravodajstva pri podpore politiky SR, diplomacie, bezpe\u010dnosti a obrany,<\/li>\n<li>z\u00fa\u010dast\u0148ova\u0165 sa akt\u00edvne na verejn\u00fdch a medi\u00e1lnych diskusi\u00e1ch o \u0161peci\u00e1lnych slu\u017eb\u00e1ch s cie\u013eom uvies\u0165 na spr\u00e1vnu mieru vyv\u00e1\u017een\u00fdmi a odborn\u00fdmi poh\u013eadmi be\u017en\u00e9 m\u00fdty a podozrenia verejnosti, panuj\u00face a \u0161\u00edriace sa o t\u00fdchto slu\u017eb\u00e1ch,<\/li>\n<li>spolupracova\u0165 s pr\u00edslu\u0161n\u00fdmi org\u00e1nmi na pr\u00edprave legislat\u00edvnych z\u00e1merov v oblasti \u0161peci\u00e1lnych slu\u017eieb odborn\u00fdmi anal\u00fdzami a pripomienkami k ur\u010dit\u00fdm okruhom probl\u00e9mov,<\/li>\n<li>podporova\u0165 \u0161t\u00fadium hist\u00f3rie \u010desko-slovensk\u00fdch a slovensk\u00fdch spravodajsk\u00fdch slu\u017eieb.<\/li>\n<\/ol>\n<p>2.3\u00a0Zdru\u017eenie realizuje svoje ciele v \u010dinnostiach:<\/p>\n<ol type=\"a\">\n<li>organizovanie konferenci\u00ed, semin\u00e1rov, symp\u00f3zi\u00ed a pod.,<\/li>\n<li>edi\u010dn\u00e1 \u010dinnos\u0165,<\/li>\n<li>publika\u010dn\u00e1 a konzulta\u010dn\u00e1 \u010dinnos\u0165.<\/li>\n<\/ol>\n<h3>\u010cl\u00e1nok 3<br \/>\u010clenstvo v zdru\u017een\u00ed<\/h3>\n<p>3.1\u00a0\u010clenom zdru\u017eenia m\u00f4\u017ee by\u0165 ob\u010dan SR, star\u0161\u00ed ako 18 rokov, alebo aj pr\u00e1vnick\u00e1 osoba, ak s\u00fahlasia so stanovami a cie\u013emi zdru\u017eenia a \u017eelaj\u00fa si ich podporova\u0165 alebo sa z\u00fa\u010dast\u0148ova\u0165 na aktivit\u00e1ch zdru\u017eenia.<\/p>\n<p>3.2\u00a0\u010clenstvo v zdru\u017een\u00ed m\u00e1 tri kateg\u00f3rie:<\/p>\n<ol type=\"a\">\n<li>riadny \u010dlen \u2013 \u010dlenmi sa m\u00f4\u017eu sta\u0165 b\u00fdval\u00ed pr\u00edslu\u0161n\u00edci spravodajsk\u00fdch slu\u017eieb \u010cesko-Slovenska a Slovenskej republiky, civiln\u00fdch i vojensk\u00fdch ako i pr\u00edbuzn\u00fdch bezpe\u010dnostn\u00fdch in\u0161tit\u00faci\u00ed bez oh\u013eadu na hodnos\u0165 a funk\u010dn\u00e9 zaradenie,<\/li>\n<li>pridru\u017een\u00fd \u010dlen \u2013 pridru\u017een\u00fdmi \u010dlenmi sa m\u00f4\u017eu sta\u0165 ob\u010dania SR z oblasti s\u00fakromnej, ob\u010dianskej, akademickej alebo podnikate\u013eskej,<\/li>\n<li>firemn\u00fd \u010dlen s menej ako 10 zamestnancami m\u00e1 pr\u00e1vo ur\u010di\u0165 a\u017e troch \u010dlenov zdru\u017eenia, resp. s viac ako s 10 zamestnancami m\u00e1 pr\u00e1vo ur\u010di\u0165 a\u017e 5 \u010dlenov zdru\u017eenia, ktor\u00ed chc\u00fa podporova\u0165 zdru\u017eenie a jeho ciele aj ako sponzori aktiv\u00edt zdru\u017eenia.<\/li>\n<\/ol>\n<p>3.3\u00a0\u010clenstvo v zdru\u017een\u00ed vznik\u00e1 uznesen\u00edm v\u00fdkonnej rady na z\u00e1klade prihl\u00e1\u0161ky podanej uch\u00e1dza\u010dom o \u010dlenstvo.<\/p>\n<p>3.4\u00a0\u010clenovia zdru\u017eenia sa zapisuj\u00fa do zoznamu \u010dlenov, ktor\u00fd vedie gener\u00e1lny sekret\u00e1r zdru\u017eenia, zodpovedn\u00fd za administrat\u00edvnu agendu zdru\u017eenia.<\/p>\n<p>3.5\u00a0Ro\u010dn\u00fd \u010dlensk\u00fd pr\u00edspevok je stanoven\u00fd pre:<\/p>\n<ol type=\"a\">\n<li>\u010dlena najmenej 35,- \u20ac,<\/li>\n<li>pridru\u017een\u00e9ho \u010dlena najmenej 35,- \u20ac,<\/li>\n<li>firemn\u00e9ho \u010dlena (do po\u010dtu 10 zamestnancov) najmenej 100,- \u20ac,<\/li>\n<li>firemn\u00e9ho \u010dlena (nad po\u010det 10 zamestnancov) najmenej 150,- \u20ac.<\/li>\n<\/ol>\n<p>3.6\u00a0\u010clenstvo v zdru\u017een\u00ed zanik\u00e1:<\/p>\n<ol type=\"a\">\n<li>z\u00e1nikom zdru\u017eenia,<\/li>\n<li>vyst\u00fapen\u00edm,<\/li>\n<li>vyl\u00fa\u010den\u00edm z d\u00f4vodu hrub\u00e9ho poru\u0161enia stanov alebo z\u00e1konov,<\/li>\n<li>\u00famrt\u00edm.<\/li>\n<\/ol>\n<h3>\u010cl\u00e1nok 4<br \/>Pr\u00e1va a povinnosti \u010dlenov<\/h3>\n<p>4.1\u00a0Z\u00e1kladn\u00fdm pr\u00e1vom \u010dlena zdru\u017eenia je pr\u00e1vo z\u00fa\u010dast\u0148ova\u0165 sa na \u010dinnosti zdru\u017eenia; z\u00e1kladnou povinnos\u0165ou \u010dlena zdru\u017eenia je v\u0161estranne podporova\u0165 uskuto\u010d\u0148ovanie cie\u013eov zdru\u017eenia.<\/p>\n<p>4.2\u00a0\u010clen m\u00e1 pr\u00e1vo najm\u00e4:<\/p>\n<ol type=\"a\">\n<li>podie\u013ea\u0165 sa na \u010dinnosti zdru\u017eenia,<\/li>\n<li>voli\u0165 a by\u0165 volen\u00fd do org\u00e1nov zdru\u017eenia,<\/li>\n<li>obraca\u0165 sa na org\u00e1ny zdru\u017eenia s podnetmi a s\u0165a\u017enos\u0165ami a \u017eiada\u0165 o ich stanovisko,<\/li>\n<li>by\u0165 informovan\u00fd o rozhodnutiach org\u00e1nov zdru\u017eenia.<\/li>\n<\/ol>\n<p>4.3\u00a0\u010clen m\u00e1 povinnosti najm\u00e4:<\/p>\n<ol type=\"a\">\n<li>dodr\u017eiava\u0165 stanovy zdru\u017eenia,<\/li>\n<li>plni\u0165 uznesenia org\u00e1nov zdru\u017eenia,<\/li>\n<li>zodpovedne vykon\u00e1va\u0165 zveren\u00e9 funkcie v s\u00falade so z\u00e1ujmami \u010dlenov a cie\u013emi zdru\u017eenia,<\/li>\n<li>akt\u00edvne sa podie\u013ea\u0165 na \u010dinnosti zdru\u017eenia.<\/li>\n<\/ol>\n<h3>\u010cl\u00e1nok 5<br \/>Org\u00e1ny zdru\u017eenia<\/h3>\n<p>Org\u00e1nmi zdru\u017eenia s\u00fa:<\/p>\n<ol type=\"a\">\n<li>pl\u00e9num zdru\u017eenia,<\/li>\n<li>v\u00fdkonn\u00e1 rada,<\/li>\n<li>predseda zdru\u017eenia \u2013 \u0161tatut\u00e1rny org\u00e1n,<\/li>\n<li>rev\u00edzor.<\/li>\n<\/ol>\n<p>\u010clenstvo v org\u00e1noch zdru\u017eenia je nezastupite\u013en\u00e9.<\/p>\n<p>5.1.1\u00a0Pl\u00e9num zdru\u017eenia \u2013 je najvy\u0161\u0161\u00edm org\u00e1nom zdru\u017eenia a je zhroma\u017eden\u00edm \u010dlenov zdru\u017eenia, ktor\u00e9:<\/p>\n<ol type=\"a\">\n<li>rozhoduje o vzniku, zl\u00fa\u010den\u00ed a z\u00e1niku zdru\u017eenia,<\/li>\n<li>schva\u013euje stanovy, ich zmeny a doplnky,<\/li>\n<li>schva\u013euje pl\u00e1n \u010dinnosti a v\u00fdro\u010dn\u00fa spr\u00e1vu,<\/li>\n<li>schva\u013euje rozpo\u010det a spr\u00e1vu o hospod\u00e1ren\u00ed,<\/li>\n<li>vol\u00ed a odvol\u00e1va predsedu zdru\u017eenia, \u010dlenov v\u00fdkonnej rady a rev\u00edzora.<\/li>\n<\/ol>\n<p>5.1.2\u00a0Pl\u00e9num zdru\u017eenia zvol\u00e1va v\u00fdkonn\u00e1 rada pod\u013ea potreby, najmenej jedenkr\u00e1t do roka.<\/p>\n<p>5.1.3\u00a0V\u00fdkonn\u00e1 rada zvol\u00e1 pl\u00e9num zdru\u017eenia, ak o to po\u017eiada najmenej 50% \u010dlenov zdru\u017eenia.<\/p>\n<p>5.1.4\u00a0Pl\u00e9num zdru\u017eenia je uzn\u00e1\u0161aniaschopn\u00e9, ak je pr\u00edtomn\u00e1 nadpolovi\u010dn\u00e1 v\u00e4\u010d\u0161ina v\u0161etk\u00fdch \u010dlenov zdru\u017eenia. Ak po\u010det pr\u00edtomn\u00fdch \u010dlenov zdru\u017eenia neumo\u017e\u0148uje hodinu po za\u010dat\u00ed pl\u00e9na pr\u00e1voplatn\u00e9 hlasovanie, rozhoduje sa nadpolovi\u010dnou v\u00e4\u010d\u0161inou pr\u00edtomn\u00fdch \u010dlenov zdru\u017eenia.<\/p>\n<p>5.2.1\u00a0V\u00fdkonn\u00e1 rada m\u00e1 najmenej troch \u010dlenov, ktor\u00ed s\u00fa \u010dlenmi zdru\u017eenia. V\u00fdkonn\u00fa radu tvoria: predseda zdru\u017eenia, gener\u00e1lny sekret\u00e1r a \u010fal\u0161\u00ed \u010dlenovia v\u00fdkonnej rady.<\/p>\n<p>5.2.2\u00a0Ako ocenenie za mimoriadny pr\u00ednos pre \u010dinnos\u0165 zdru\u017eenia m\u00f4\u017ee pl\u00e9num zdru\u017eenia zvoli\u0165 \u201e\u010cestn\u00e9ho predsedu zdru\u017eenia\u201c.<\/p>\n<p>5.2.3\u00a0\u010cestn\u00fd predseda zdru\u017eenia m\u00e1 pr\u00e1vo \u00fa\u010dasti na rokovaniach v\u00fdkonnej rady a predseda zdru\u017eenia ho v pr\u00edpade potreby m\u00f4\u017ee poveri\u0165 zastupovan\u00edm zdru\u017eenia navonok.<\/p>\n<p>5.2.4\u00a0\u010clena v\u00fdkonnej rady na z\u00e1klade n\u00e1vrhov \u010dlenov zdru\u017eenia vol\u00ed pl\u00e9num zdru\u017eenia na tri roky.<\/p>\n<p>5.2.5\u00a0Zasadnutie v\u00fdkonnej rady zvol\u00e1va predseda zdru\u017eenia najmenej \u0161tyrikr\u00e1t za rok.<\/p>\n<p>5.2.6\u00a0V\u00fdkonn\u00e1 rada riadi \u010dinnos\u0165 zdru\u017eenia medzi zasadnutiami pl\u00e9na zdru\u017eenia.<\/p>\n<p>5.2.7\u00a0V\u00fdkonn\u00e1 rada menuje zo svojich \u010dlenov gener\u00e1lneho sekret\u00e1ra zdru\u017eenia, ktor\u00fd vytv\u00e1ra a zabezpe\u010duje ekonomick\u00e9, organiza\u010dn\u00e9 a administrat\u00edvne podmienky \u010dinnosti org\u00e1nov zdru\u017eenia a realiz\u00e1ciu cie\u013eov zdru\u017eenia a v pr\u00edpade potreby zastupuje predsedu zdru\u017eenia navonok.<\/p>\n<p>5.3.1\u00a0Na \u010dele zdru\u017eenia je predseda zdru\u017eenia, ktor\u00fd je \u0161tatut\u00e1rnym org\u00e1nom a zastupuje zdru\u017eenie navonok. Predsedu zdru\u017eenia vol\u00ed pl\u00e9num zdru\u017eenia na obdobie troch rokov.<\/p>\n<p>5.3.2\u00a0Predseda zdru\u017eenia je s\u00fa\u010dasne na \u010dele v\u00fdkonnej rady a zvol\u00e1va jej zasadnutia.<\/p>\n<p>5.4.1\u00a0Kontroln\u00fdm org\u00e1nom zdru\u017eenia je rev\u00edzor.<\/p>\n<p>5.4.2\u00a0Funk\u010dn\u00e9 obdobie rev\u00edzora je trojro\u010dn\u00e9, n\u00e1vrh na vo\u013ebu alebo odvolanie rev\u00edzora m\u00f4\u017ee poda\u0165 ka\u017ed\u00fd \u010dlen v\u00fdkonnej rady .<\/p>\n<p>5.4.3\u00a0Rev\u00edzor:<\/p>\n<ol type=\"a\">\n<li>je opr\u00e1vnen\u00fd z\u00fa\u010dast\u0148ova\u0165 sa na zasadan\u00ed v\u00fdkonnej rady , nahliada\u0165 do v\u0161etk\u00fdch dokladov a z\u00e1znamov t\u00fdkaj\u00facich sa \u010dinnosti zdru\u017eenia a kontrolova\u0165, \u010di \u00fa\u010dtovn\u00e9 z\u00e1znamy s\u00fa veden\u00e9 v s\u00falade so skuto\u010dnos\u0165ou a \u010di sa \u010dinnos\u0165 zdru\u017eenia uskuto\u010d\u0148uje v s\u00falade so v\u0161eobecne z\u00e1v\u00e4zn\u00fdmi pr\u00e1vnymi predpismi a stanovami zdru\u017eenia,<\/li>\n<li>sk\u00fama ro\u010dn\u00fa \u00fa\u010dtovn\u00fa z\u00e1vierku v\u00fdro\u010dn\u00fa spr\u00e1vu o hospod\u00e1ren\u00ed,<\/li>\n<li>kontroluje vedenie \u00fa\u010dtovn\u00fdch kn\u00edh a in\u00fdch dokladov najmenej dvakr\u00e1t ro\u010dne,<\/li>\n<li>upozor\u0148uje v\u00fdkonn\u00fa radu a pl\u00e9num zdru\u017eenia na zisten\u00e9 nedostatky a pod\u00e1va n\u00e1vrhy na ich odstr\u00e1nenie.<\/li>\n<\/ol>\n<h3>\u010cl\u00e1nok 6<br \/>Z\u00e1sady hospod\u00e1renia zdru\u017eenia<\/h3>\n<p>6.1.1\u00a0Ak\u00e9ko\u013evek pr\u00edjmy zdru\u017eenia bud\u00fa pou\u017eit\u00e9 len na z\u00e1kladn\u00e9 ciele a \u010dinnosti zdru\u017eenia.<\/p>\n<p>6.1.2\u00a0Finan\u010dn\u00e9 zdroje (ako i nepe\u0148a\u017en\u00e9 hodnoty) zdru\u017eenia s\u00fa:<\/p>\n<ol type=\"a\">\n<li>\u010dlensk\u00e9 pr\u00edspevky,<\/li>\n<li>pr\u00edspevky sponzorov,<\/li>\n<li>granty,<\/li>\n<li>dedi\u010dstv\u00e1 a in\u00e9 dary od fyzick\u00fdch a pr\u00e1vnick\u00fdch os\u00f4b,<\/li>\n<li>v\u00fdnosy z publika\u010dnej a konzulta\u010dnej \u010dinnosti.<\/li>\n<\/ol>\n<p>6.1.3\u00a0V\u00fddavkami zdru\u017eenia s\u00fa v\u00fddavky na podporu cie\u013eov zdru\u017eenia a v\u00fddavky na spr\u00e1vu zdru\u017eenia.<\/p>\n<p>6.1.4\u00a0Ak sponzor alebo darca trv\u00e1 na zachovan\u00ed anonymity, jeho meno a priezvisko alebo meno pr\u00e1vnickej osoby sa nesmie uv\u00e1dza\u0165 v preh\u013eade darcov a sponzorov zdru\u017eenia uveden\u00fdch vo v\u00fdro\u010dnej spr\u00e1ve zdru\u017eenia.<\/p>\n<p>6.1.5\u00a0N\u00e1vrh rozpo\u010dtu zdru\u017eenia na \u010fal\u0161\u00ed kalend\u00e1rny rok predklad\u00e1 na schv\u00e1lenie v\u00fdkonnej rade predseda zdru\u017eenia najnesk\u00f4r jeden mesiac pred za\u010diatkom kalend\u00e1rneho roku. V\u00fdkonn\u00e1 rada schva\u013euje n\u00e1vrh rozpo\u010dtu zdru\u017eenia do konca febru\u00e1ra kalend\u00e1rneho roku.<\/p>\n<p>6.1.6\u00a0V\u00fdsledky hospod\u00e1renia zdru\u017eenia sa predkladaj\u00fa v\u00fdkonnej rade a pl\u00e9nu zdru\u017eenia jedenkr\u00e1t ro\u010dne.<\/p>\n<p>6.1.7\u00a0Za hospod\u00e1renie zdru\u017eenia zodpoved\u00e1 predseda zdru\u017eenia, ktor\u00fd vyprac\u00fava spr\u00e1vu o hospod\u00e1ren\u00ed a pln\u00ed si povinnosti zakotven\u00e9 v \u010dl\u00e1nku 6.1.6.<\/p>\n<h3>\u010cl\u00e1nok 7<br \/>V\u00fdro\u010dn\u00e1 spr\u00e1va<\/h3>\n<p>7.1.1\u00a0Predseda zdru\u017eenia predlo\u017e\u00ed v\u00fdkonnej rade na schv\u00e1lenie n\u00e1vrh v\u00fdro\u010dnej spr\u00e1vy za uplynul\u00fd kalend\u00e1rny rok do konca marca.<\/p>\n<p>7.1.2\u00a0V\u00fdro\u010dn\u00e1 spr\u00e1va zdru\u017eenia obsahuje najm\u00e4:<\/p>\n<ol type=\"a\">\n<li>preh\u013ead \u010dinnost\u00ed vykonan\u00fdch v hodnotenom obdob\u00ed s uveden\u00edm vz\u0165ahu k cie\u013eom, ktor\u00e9 boli d\u00f4vodom registr\u00e1cie zdru\u017eenia,<\/li>\n<li>ro\u010dn\u00fa \u00fa\u010dtovn\u00fa z\u00e1vierku a vyhodnotenie uveden\u00fdch z\u00e1kladn\u00fdch \u00fadajov a v\u00fddavkov pod\u013ea jednotliv\u00fdch druhov \u010dinnosti,<\/li>\n<li>preh\u013ead o daroch a pr\u00edspevkoch poskytnut\u00fdch zdru\u017eeniu,<\/li>\n<li>zmeny vykonan\u00e9 v zlo\u017een\u00ed org\u00e1nov zdru\u017eenia, ktor\u00e9 nastali v hodnotenom obdob\u00ed,<\/li>\n<li>\u010fal\u0161ie \u00fadaje, ktor\u00e9 ur\u010d\u00ed v\u00fdkonn\u00e1 rada.<\/li>\n<\/ol>\n<h3>\u010cl\u00e1nok 8<br \/>Z\u00e1nik zdru\u017eenia<\/h3>\n<p>8.1.1\u00a0Zdru\u017eenie zanik\u00e1 dobrovo\u013en\u00fdm rozpusten\u00edm.<\/p>\n<p>8.1.2\u00a0O rozpusten\u00ed zdru\u017eenia mus\u00ed rozhodn\u00fa\u0165 nadpolovi\u010dn\u00e1 v\u00e4\u010d\u0161ina v\u0161etk\u00fdch \u010dlenov zdru\u017eenia.<\/p>\n<p>8.1.3\u00a0Ak zanik\u00e1 zdru\u017eenie, v\u00fdkonn\u00e1 rada ustanov\u00ed likvid\u00e1tora.<\/p>\n<p>8.1.4\u00a0Pri z\u00e1niku zdru\u017eenia musia by\u0165 uhraden\u00e9 v\u0161etky poh\u013ead\u00e1vky zdru\u017eenia. Zvy\u0161n\u00fd majetok sa pou\u017eije v\u00fdlu\u010dne na humanitn\u00e9, charitat\u00edvne alebo vzdel\u00e1vacie ciele v s\u00falade s p\u00f4vodn\u00fdmi cie\u013emi zdru\u017eenia.<\/p>\n<h3>\u010cl\u00e1nok 9<br \/>Prechodn\u00e9 a z\u00e1vere\u010dn\u00e9 ustanovenia<\/h3>\n<p>9.1.1\u00a0Tieto stanovy nadobudn\u00fa platnos\u0165 a \u00fa\u010dinnos\u0165 d\u0148om ich potvrdenia Ministerstvom vn\u00fatra SR.<\/p>\n<p>9.1.2\u00a0V\u00fdklad stanov zdru\u017eenia rob\u00ed v\u00fdkonn\u00e1 rada. Problematika nezahrnut\u00e1 v stanov\u00e1ch zdru\u017eenia sa rie\u0161i a schva\u013euje vo v\u00fdkonnej rade.<\/p>\t\t\t\t\t\t\t\t<\/div>\n\t\t\t\t<\/div>\n\t\t\t\t\t<\/div>\n\t\t<\/div>\n\t\t\t\t\t<\/div>\n\t\t<\/section>\n\t\t\t\t<\/div>\n\t\t","protected":false},"excerpt":{"rendered":"","protected":false},"author":1,"featured_media":0,"parent":0,"menu_order":0,"comment_status":"closed","ping_status":"closed","template":"","meta":{"footnotes":""},"class_list":["post-4177","page","type-page","status-publish","hentry"],"_links":{"self":[{"href":"https:\/\/absd.sk\/de\/wp-json\/wp\/v2\/pages\/4177","targetHints":{"allow":["GET"]}}],"collection":[{"href":"https:\/\/absd.sk\/de\/wp-json\/wp\/v2\/pages"}],"about":[{"href":"https:\/\/absd.sk\/de\/wp-json\/wp\/v2\/types\/page"}],"author":[{"embeddable":true,"href":"https:\/\/absd.sk\/de\/wp-json\/wp\/v2\/users\/1"}],"replies":[{"embeddable":true,"href":"https:\/\/absd.sk\/de\/wp-json\/wp\/v2\/comments?post=4177"}],"version-history":[{"count":5,"href":"https:\/\/absd.sk\/de\/wp-json\/wp\/v2\/pages\/4177\/revisions"}],"predecessor-version":[{"id":4550,"href":"https:\/\/absd.sk\/de\/wp-json\/wp\/v2\/pages\/4177\/revisions\/4550"}],"wp:attachment":[{"href":"https:\/\/absd.sk\/de\/wp-json\/wp\/v2\/media?parent=4177"}],"curies":[{"name":"wp","href":"https:\/\/api.w.org\/{rel}","templated":true}]}}