{"id":2,"date":"2019-07-24T05:08:11","date_gmt":"2019-07-24T05:08:11","guid":{"rendered":"https:\/\/absd.sk\/?page_id=2"},"modified":"2023-06-20T11:03:25","modified_gmt":"2023-06-20T11:03:25","slug":"subory-cookie","status":"publish","type":"page","link":"https:\/\/absd.sk\/en\/subory-cookie\/","title":{"rendered":""},"content":{"rendered":"\t\t<div data-elementor-type=\"wp-page\" data-elementor-id=\"2\" class=\"elementor elementor-2\">\n\t\t\t\t\t\t<section class=\"elementor-section elementor-top-section elementor-element elementor-element-362fb4d3 elementor-section-boxed elementor-section-height-default elementor-section-height-default\" data-id=\"362fb4d3\" data-element_type=\"section\">\n\t\t\t\t\t\t<div class=\"elementor-container elementor-column-gap-default\">\n\t\t\t\t\t<div class=\"elementor-column elementor-col-100 elementor-top-column elementor-element elementor-element-3ed40977\" data-id=\"3ed40977\" data-element_type=\"column\">\n\t\t\t<div class=\"elementor-widget-wrap elementor-element-populated\">\n\t\t\t\t\t\t<div class=\"elementor-element elementor-element-72e29827 elementor-widget elementor-widget-text-editor\" data-id=\"72e29827\" data-element_type=\"widget\" data-widget_type=\"text-editor.default\">\n\t\t\t\t<div class=\"elementor-widget-container\">\n\t\t\t\t\t\t\t\t\t<p><\/p>\n<p><b>Pravidl\u00e1 pou\u017e\u00edvania s\u00faborov cookie<\/b><\/p>\n<ol>\n<li>S\u00fabor cookie na jazykov\u00e9 nastavenie<\/li>\n<\/ol>\n<p>Asoci\u00e1cia b\u00fdval\u00fdch spravodajsk\u00fdch d\u00f4stojn\u00edkov (ABSD) pou\u017e\u00edva jedin\u00fd s\u00fabor cookie na tejto webovej str\u00e1nke. Tento s\u00fabor cookie je ur\u010den\u00fd na uchov\u00e1vanie va\u0161ej preferencie jazykov\u00e9ho nastavenia str\u00e1nky, aby sme v\u00e1m mohli poskytn\u00fa\u0165 obsah vo va\u0161om preferovanom jazyku pri n\u00e1sledn\u00fdch n\u00e1v\u0161tev\u00e1ch.<\/p>\n<ol start=\"2\">\n<li>Kontrola a spr\u00e1va s\u00faboru cookie<\/li>\n<\/ol>\n<p>Pri prvom n\u00e1v\u0161teve tejto webovej str\u00e1nky v\u00e1s po\u017eiadame o s\u00fahlas s pou\u017e\u00edvan\u00edm s\u00faboru cookie na uchov\u00e1vanie jazykov\u00e9ho nastavenia. M\u00f4\u017eete tie\u017e upravi\u0165 svoje nastavenia prehliada\u010da a odmietnu\u0165 s\u00fabor cookie alebo nastavi\u0165 upozornenia pri jeho odosielan\u00ed. Upozor\u0148ujeme v\u0161ak, \u017ee ak odmietnete s\u00fabor cookie, nebudeme schopn\u00ed uchova\u0165 va\u0161e jazykov\u00e9 nastavenie a obsah str\u00e1nky sa m\u00f4\u017ee zobrazova\u0165 v predvolenom jazyku.<\/p>\n<ol start=\"3\">\n<li>In\u00e9 s\u00fabory cookie<\/li>\n<\/ol>\n<p>Asoci\u00e1cia b\u00fdval\u00fdch spravodajsk\u00fdch d\u00f4stojn\u00edkov (ABSD) nepou\u017e\u00edva \u017eiadne \u010fal\u0161ie s\u00fabory cookie na tejto webovej str\u00e1nke. Nepou\u017e\u00edvame \u017eiadne sledovacie n\u00e1stroje tret\u00edch str\u00e1n, ako je napr\u00edklad Google Analytics.<\/p>\n<ol start=\"4\">\n<li>Uchov\u00e1vanie \u00fadajov<\/li>\n<\/ol>\n<p>S\u00fabor cookie na jazykov\u00e9 nastavenie je uchov\u00e1van\u00fd v r\u00e1mci v\u00e1\u0161ho zariadenia po dobu, k\u00fdm ho manu\u00e1lne neodstr\u00e1nite alebo do uplynutia jeho platnosti, ktor\u00e1 je nastaven\u00e1 na ur\u010dit\u00fd \u010dasov\u00fd interval.<\/p>\n<ol start=\"5\">\n<li>Bezpe\u010dnos\u0165 a s\u00fakromie<\/li>\n<\/ol>\n<p>Asoci\u00e1cia b\u00fdval\u00fdch spravodajsk\u00fdch d\u00f4stojn\u00edkov (ABSD) zabezpe\u010duje primeran\u00e9 technick\u00e9 a organiza\u010dn\u00e9 opatrenia na ochranu s\u00faboru cookie a va\u0161ich osobn\u00fdch \u00fadajov. S\u00fabor cookie je ulo\u017een\u00fd s obmedzen\u00fdm pr\u00edstupom a nie je zdie\u013ean\u00fd s \u017eiadnymi tret\u00edmi stranami.<\/p>\n<ol start=\"6\">\n<li>S\u00fahlas<\/li>\n<\/ol>\n<p>Va\u0161e s\u00fahlasn\u00e9 vyhl\u00e1senie t\u00fdkaj\u00face sa pou\u017e\u00edvania s\u00faboru cookie na jazykov\u00e9 nastavenie bude \u017eiadan\u00e9 pri prvom n\u00e1v\u0161teve tejto webovej str\u00e1nky. Va\u0161a \u010fal\u0161ia interakcia s webom bude pova\u017eovan\u00e1 za s\u00fahlas s pou\u017e\u00edvan\u00edm tohto s\u00faboru cookie na uchov\u00e1vanie jazykov\u00e9ho nastavenia.<\/p>\n<p>T\u00e1to politika s\u00faborov cookie sa vz\u0165ahuje v\u00fdhradne na Asoci\u00e1ciu b\u00fdval\u00fdch spravodajsk\u00fdch d\u00f4stojn\u00edkov (ABSD) a na t\u00fato webov\u00fa str\u00e1nku <a href=\"http:\/\/www.absd.sk\/\" target=\"_new\">www.absd.sk<\/a>.<\/p>\n<p><\/p>\t\t\t\t\t\t\t\t<\/div>\n\t\t\t\t<\/div>\n\t\t\t\t\t<\/div>\n\t\t<\/div>\n\t\t\t\t\t<\/div>\n\t\t<\/section>\n\t\t\t\t<\/div>\n\t\t","protected":false},"excerpt":{"rendered":"","protected":false},"author":1,"featured_media":0,"parent":0,"menu_order":0,"comment_status":"closed","ping_status":"closed","template":"","meta":{"footnotes":""},"class_list":["post-2","page","type-page","status-publish","hentry"],"_links":{"self":[{"href":"https:\/\/absd.sk\/en\/wp-json\/wp\/v2\/pages\/2","targetHints":{"allow":["GET"]}}],"collection":[{"href":"https:\/\/absd.sk\/en\/wp-json\/wp\/v2\/pages"}],"about":[{"href":"https:\/\/absd.sk\/en\/wp-json\/wp\/v2\/types\/page"}],"author":[{"embeddable":true,"href":"https:\/\/absd.sk\/en\/wp-json\/wp\/v2\/users\/1"}],"replies":[{"embeddable":true,"href":"https:\/\/absd.sk\/en\/wp-json\/wp\/v2\/comments?post=2"}],"version-history":[{"count":5,"href":"https:\/\/absd.sk\/en\/wp-json\/wp\/v2\/pages\/2\/revisions"}],"predecessor-version":[{"id":4822,"href":"https:\/\/absd.sk\/en\/wp-json\/wp\/v2\/pages\/2\/revisions\/4822"}],"wp:attachment":[{"href":"https:\/\/absd.sk\/en\/wp-json\/wp\/v2\/media?parent=2"}],"curies":[{"name":"wp","href":"https:\/\/api.w.org\/{rel}","templated":true}]}}